{"id":24,"date":"2025-08-15T15:18:19","date_gmt":"2025-08-15T07:18:19","guid":{"rendered":"https:\/\/yongqingbeadsfactory.com\/?page_id=24"},"modified":"2025-08-29T08:47:45","modified_gmt":"2025-08-29T00:47:45","slug":"contact","status":"publish","type":"page","link":"https:\/\/yongqingbeadsfactory.com\/de\/contact\/","title":{"rendered":"Kontakt"},"content":{"rendered":"<p>Wenn Sie an unseren Produkten interessiert sind, k\u00f6nnen Sie uns \u00fcber die unten stehenden Kontaktinformationen kontaktieren, und unser Personal wird sich so schnell wie m\u00f6glich mit Ihnen in Verbindung setzen. Vielen Dank f\u00fcr Ihre Unterst\u00fctzung f\u00fcr unser Unternehmen, und wir w\u00fcnschen Ihnen ein gl\u00fcckliches Leben!!!<\/p>\n\n\n\n<p>Telefon\uff1a +8615030688102<br>WhatsApp\uff1a +8615030688102<br>Adresse\uff1a Dorf Banjiehe, Stadt Bieguzhuang, Kreis Yongqing<\/p>","protected":false},"excerpt":{"rendered":"<p>If you are interested in our products, you can contact us through the contact information below, and our staff will contact you as soon as possible. Thank you for your support to our company, and we wish you a happy life!! Phone\uff1a +8615030688102WhatsApp\uff1a +8615030688102Address\uff1a Banjiehe Village, Bieguzhuang Town, Yongqing County<\/p>","protected":false},"author":1,"featured_media":0,"parent":0,"menu_order":0,"comment_status":"closed","ping_status":"closed","template":"contant-template.php","meta":{"footnotes":""},"class_list":["post-24","page","type-page","status-publish","hentry"],"acf":[],"_links":{"self":[{"href":"https:\/\/yongqingbeadsfactory.com\/de\/wp-json\/wp\/v2\/pages\/24","targetHints":{"allow":["GET"]}}],"collection":[{"href":"https:\/\/yongqingbeadsfactory.com\/de\/wp-json\/wp\/v2\/pages"}],"about":[{"href":"https:\/\/yongqingbeadsfactory.com\/de\/wp-json\/wp\/v2\/types\/page"}],"author":[{"embeddable":true,"href":"https:\/\/yongqingbeadsfactory.com\/de\/wp-json\/wp\/v2\/users\/1"}],"replies":[{"embeddable":true,"href":"https:\/\/yongqingbeadsfactory.com\/de\/wp-json\/wp\/v2\/comments?post=24"}],"version-history":[{"count":4,"href":"https:\/\/yongqingbeadsfactory.com\/de\/wp-json\/wp\/v2\/pages\/24\/revisions"}],"predecessor-version":[{"id":167,"href":"https:\/\/yongqingbeadsfactory.com\/de\/wp-json\/wp\/v2\/pages\/24\/revisions\/167"}],"wp:attachment":[{"href":"https:\/\/yongqingbeadsfactory.com\/de\/wp-json\/wp\/v2\/media?parent=24"}],"curies":[{"name":"wp","href":"https:\/\/api.w.org\/{rel}","templated":true}]}}