{"id":24,"date":"2025-08-15T15:18:19","date_gmt":"2025-08-15T07:18:19","guid":{"rendered":"https:\/\/yongqingbeadsfactory.com\/?page_id=24"},"modified":"2025-08-29T08:47:45","modified_gmt":"2025-08-29T00:47:45","slug":"contact","status":"publish","type":"page","link":"https:\/\/yongqingbeadsfactory.com\/es\/contact\/","title":{"rendered":"P\u00f3ngase en contacto con"},"content":{"rendered":"<p>Si est\u00e1 interesado en nuestros productos, puede ponerse en contacto con nosotros a trav\u00e9s de la informaci\u00f3n de contacto que aparece a continuaci\u00f3n, y nuestro personal se pondr\u00e1 en contacto con usted lo antes posible. \u00a1\u00a1\u00a1Gracias por su apoyo a nuestra empresa, y le deseamos una vida feliz!!!<\/p>\n\n\n\n<p>Tel\u00e9fono\uff1a +8615030688102<br>WhatsApp\uff1a +8615030688102<br>Direcci\u00f3n\uff1a Banjiehe Village, Bieguzhuang Town, Yongqing County<\/p>","protected":false},"excerpt":{"rendered":"<p>If you are interested in our products, you can contact us through the contact information below, and our staff will contact you as soon as possible. Thank you for your support to our company, and we wish you a happy life!! Phone\uff1a +8615030688102WhatsApp\uff1a +8615030688102Address\uff1a Banjiehe Village, Bieguzhuang Town, Yongqing County<\/p>","protected":false},"author":1,"featured_media":0,"parent":0,"menu_order":0,"comment_status":"closed","ping_status":"closed","template":"contant-template.php","meta":{"footnotes":""},"class_list":["post-24","page","type-page","status-publish","hentry"],"acf":[],"_links":{"self":[{"href":"https:\/\/yongqingbeadsfactory.com\/es\/wp-json\/wp\/v2\/pages\/24","targetHints":{"allow":["GET"]}}],"collection":[{"href":"https:\/\/yongqingbeadsfactory.com\/es\/wp-json\/wp\/v2\/pages"}],"about":[{"href":"https:\/\/yongqingbeadsfactory.com\/es\/wp-json\/wp\/v2\/types\/page"}],"author":[{"embeddable":true,"href":"https:\/\/yongqingbeadsfactory.com\/es\/wp-json\/wp\/v2\/users\/1"}],"replies":[{"embeddable":true,"href":"https:\/\/yongqingbeadsfactory.com\/es\/wp-json\/wp\/v2\/comments?post=24"}],"version-history":[{"count":4,"href":"https:\/\/yongqingbeadsfactory.com\/es\/wp-json\/wp\/v2\/pages\/24\/revisions"}],"predecessor-version":[{"id":167,"href":"https:\/\/yongqingbeadsfactory.com\/es\/wp-json\/wp\/v2\/pages\/24\/revisions\/167"}],"wp:attachment":[{"href":"https:\/\/yongqingbeadsfactory.com\/es\/wp-json\/wp\/v2\/media?parent=24"}],"curies":[{"name":"wp","href":"https:\/\/api.w.org\/{rel}","templated":true}]}}