{"id":16,"date":"2025-08-15T15:17:35","date_gmt":"2025-08-15T07:17:35","guid":{"rendered":"https:\/\/yongqingbeadsfactory.com\/?page_id=16"},"modified":"2025-08-29T09:11:00","modified_gmt":"2025-08-29T01:11:00","slug":"production-capacity","status":"publish","type":"page","link":"https:\/\/yongqingbeadsfactory.com\/fr\/production-capacity\/","title":{"rendered":"Capacit\u00e9 de production"},"content":{"rendered":"<p>Notre soci\u00e9t\u00e9 dispose actuellement de 20 lignes de production de billes de verre, produisant annuellement 50000 tonnes de billes de verre de diff\u00e9rentes sp\u00e9cifications et 50000 tonnes de sable de verre de diff\u00e9rentes sp\u00e9cifications. L'entreprise a obtenu la certification internationale ISO9001 du syst\u00e8me de gestion de la qualit\u00e9 et la certification internationale ISO14001 du syst\u00e8me de gestion de l'environnement.<\/p>\n\n\n<div class=\"wp-block-image\">\n<figure class=\"aligncenter size-full\"><img loading=\"lazy\" decoding=\"async\" width=\"1300\" height=\"755\" src=\"https:\/\/yongqingbeadsfactory.com\/wp-content\/uploads\/2025\/08\/001_02.jpg\" alt=\"\" class=\"wp-image-169\" srcset=\"https:\/\/yongqingbeadsfactory.com\/wp-content\/uploads\/2025\/08\/001_02.jpg 1300w, https:\/\/yongqingbeadsfactory.com\/wp-content\/uploads\/2025\/08\/001_02-300x174.jpg 300w, https:\/\/yongqingbeadsfactory.com\/wp-content\/uploads\/2025\/08\/001_02-1024x595.jpg 1024w, https:\/\/yongqingbeadsfactory.com\/wp-content\/uploads\/2025\/08\/001_02-768x446.jpg 768w, https:\/\/yongqingbeadsfactory.com\/wp-content\/uploads\/2025\/08\/001_02-18x10.jpg 18w\" sizes=\"auto, (max-width: 1300px) 100vw, 1300px\" \/><\/figure><\/div>","protected":false},"excerpt":{"rendered":"<p>Notre soci\u00e9t\u00e9 dispose actuellement de 20 lignes de production de billes de verre, produisant annuellement 50000 tonnes de billes de verre de diff\u00e9rentes sp\u00e9cifications et 50000 tonnes de sable de verre de diff\u00e9rentes sp\u00e9cifications. L'entreprise a obtenu la certification internationale ISO9001 du syst\u00e8me de gestion de la qualit\u00e9 et la certification internationale ISO14001 du syst\u00e8me de gestion de l'environnement.<\/p>","protected":false},"author":1,"featured_media":0,"parent":0,"menu_order":0,"comment_status":"closed","ping_status":"closed","template":"page-template.php","meta":{"footnotes":""},"class_list":["post-16","page","type-page","status-publish","hentry"],"acf":[],"_links":{"self":[{"href":"https:\/\/yongqingbeadsfactory.com\/fr\/wp-json\/wp\/v2\/pages\/16","targetHints":{"allow":["GET"]}}],"collection":[{"href":"https:\/\/yongqingbeadsfactory.com\/fr\/wp-json\/wp\/v2\/pages"}],"about":[{"href":"https:\/\/yongqingbeadsfactory.com\/fr\/wp-json\/wp\/v2\/types\/page"}],"author":[{"embeddable":true,"href":"https:\/\/yongqingbeadsfactory.com\/fr\/wp-json\/wp\/v2\/users\/1"}],"replies":[{"embeddable":true,"href":"https:\/\/yongqingbeadsfactory.com\/fr\/wp-json\/wp\/v2\/comments?post=16"}],"version-history":[{"count":5,"href":"https:\/\/yongqingbeadsfactory.com\/fr\/wp-json\/wp\/v2\/pages\/16\/revisions"}],"predecessor-version":[{"id":170,"href":"https:\/\/yongqingbeadsfactory.com\/fr\/wp-json\/wp\/v2\/pages\/16\/revisions\/170"}],"wp:attachment":[{"href":"https:\/\/yongqingbeadsfactory.com\/fr\/wp-json\/wp\/v2\/media?parent=16"}],"curies":[{"name":"wp","href":"https:\/\/api.w.org\/{rel}","templated":true}]}}