{"id":24,"date":"2025-08-15T15:18:19","date_gmt":"2025-08-15T07:18:19","guid":{"rendered":"https:\/\/yongqingbeadsfactory.com\/?page_id=24"},"modified":"2025-08-29T08:47:45","modified_gmt":"2025-08-29T00:47:45","slug":"contact","status":"publish","type":"page","link":"https:\/\/yongqingbeadsfactory.com\/fr\/contact\/","title":{"rendered":"Contact"},"content":{"rendered":"<p>Si vous \u00eates int\u00e9ress\u00e9 par nos produits, vous pouvez nous contacter par le biais des coordonn\u00e9es ci-dessous, et notre personnel vous contactera d\u00e8s que possible. Nous vous remercions de votre soutien \u00e0 notre entreprise et nous vous souhaitons une vie heureuse !<\/p>\n\n\n\n<p>T\u00e9l\u00e9phone\uff1a +8615030688102<br>WhatsApp\uff1a +8615030688102<br>Adresse\uff1a Banjiehe Village, Bieguzhuang Town, Yongqing County<\/p>","protected":false},"excerpt":{"rendered":"<p>If you are interested in our products, you can contact us through the contact information below, and our staff will contact you as soon as possible. Thank you for your support to our company, and we wish you a happy life!! Phone\uff1a +8615030688102WhatsApp\uff1a +8615030688102Address\uff1a Banjiehe Village, Bieguzhuang Town, Yongqing County<\/p>","protected":false},"author":1,"featured_media":0,"parent":0,"menu_order":0,"comment_status":"closed","ping_status":"closed","template":"contant-template.php","meta":{"footnotes":""},"class_list":["post-24","page","type-page","status-publish","hentry"],"acf":[],"_links":{"self":[{"href":"https:\/\/yongqingbeadsfactory.com\/fr\/wp-json\/wp\/v2\/pages\/24","targetHints":{"allow":["GET"]}}],"collection":[{"href":"https:\/\/yongqingbeadsfactory.com\/fr\/wp-json\/wp\/v2\/pages"}],"about":[{"href":"https:\/\/yongqingbeadsfactory.com\/fr\/wp-json\/wp\/v2\/types\/page"}],"author":[{"embeddable":true,"href":"https:\/\/yongqingbeadsfactory.com\/fr\/wp-json\/wp\/v2\/users\/1"}],"replies":[{"embeddable":true,"href":"https:\/\/yongqingbeadsfactory.com\/fr\/wp-json\/wp\/v2\/comments?post=24"}],"version-history":[{"count":4,"href":"https:\/\/yongqingbeadsfactory.com\/fr\/wp-json\/wp\/v2\/pages\/24\/revisions"}],"predecessor-version":[{"id":167,"href":"https:\/\/yongqingbeadsfactory.com\/fr\/wp-json\/wp\/v2\/pages\/24\/revisions\/167"}],"wp:attachment":[{"href":"https:\/\/yongqingbeadsfactory.com\/fr\/wp-json\/wp\/v2\/media?parent=24"}],"curies":[{"name":"wp","href":"https:\/\/api.w.org\/{rel}","templated":true}]}}