{"id":14,"date":"2025-08-15T15:17:19","date_gmt":"2025-08-15T07:17:19","guid":{"rendered":"https:\/\/yongqingbeadsfactory.com\/?page_id=14"},"modified":"2025-08-23T11:19:29","modified_gmt":"2025-08-23T03:19:29","slug":"about","status":"publish","type":"page","link":"https:\/\/yongqingbeadsfactory.com\/pt\/about\/","title":{"rendered":"Sobre"},"content":{"rendered":"<div class=\"wp-block-image\">\n<figure class=\"aligncenter size-full\"><img loading=\"lazy\" decoding=\"async\" width=\"560\" height=\"500\" src=\"https:\/\/yongqingbeadsfactory.com\/wp-content\/uploads\/2025\/08\/about.jpg\" alt=\"\" class=\"wp-image-155\" srcset=\"https:\/\/yongqingbeadsfactory.com\/wp-content\/uploads\/2025\/08\/about.jpg 560w, https:\/\/yongqingbeadsfactory.com\/wp-content\/uploads\/2025\/08\/about-300x268.jpg 300w\" sizes=\"auto, (max-width: 560px) 100vw, 560px\" \/><\/figure><\/div>\n\n\n<p>Yongqing Shengxin Glass Products Co., Ltd. \u00e9 uma empresa de alta tecnologia especializada na investiga\u00e7\u00e3o e desenvolvimento, produ\u00e7\u00e3o e venda de produtos de vidro. Est\u00e1 localizada no condado de Yongqing, cidade de Langfang, prov\u00edncia de Hebei, com uma localiza\u00e7\u00e3o geogr\u00e1fica superior e transporte conveniente. Desde a sua cria\u00e7\u00e3o, a empresa sempre aderiu \u00e0 filosofia empresarial de \"qualidade em primeiro lugar, inova\u00e7\u00e3o como a alma e cliente em primeiro lugar\", empenhada em fornecer produtos e solu\u00e7\u00f5es de vidro diversificados e de alta qualidade para clientes globais.<\/p>","protected":false},"excerpt":{"rendered":"<p>Yongqing Shengxin Glass Products Co., Ltd. is a high-tech enterprise specializing in the research and development, production, and sales of glass products. It is located in Yongqing County, Langfang City, Hebei Province, with a superior geographical location and convenient transportation. Since its establishment, the company has always adhered to the business philosophy of &#8220;quality first, [&hellip;]<\/p>","protected":false},"author":1,"featured_media":0,"parent":0,"menu_order":0,"comment_status":"closed","ping_status":"closed","template":"about-template.php","meta":{"footnotes":""},"class_list":["post-14","page","type-page","status-publish","hentry"],"acf":[],"_links":{"self":[{"href":"https:\/\/yongqingbeadsfactory.com\/pt\/wp-json\/wp\/v2\/pages\/14","targetHints":{"allow":["GET"]}}],"collection":[{"href":"https:\/\/yongqingbeadsfactory.com\/pt\/wp-json\/wp\/v2\/pages"}],"about":[{"href":"https:\/\/yongqingbeadsfactory.com\/pt\/wp-json\/wp\/v2\/types\/page"}],"author":[{"embeddable":true,"href":"https:\/\/yongqingbeadsfactory.com\/pt\/wp-json\/wp\/v2\/users\/1"}],"replies":[{"embeddable":true,"href":"https:\/\/yongqingbeadsfactory.com\/pt\/wp-json\/wp\/v2\/comments?post=14"}],"version-history":[{"count":3,"href":"https:\/\/yongqingbeadsfactory.com\/pt\/wp-json\/wp\/v2\/pages\/14\/revisions"}],"predecessor-version":[{"id":156,"href":"https:\/\/yongqingbeadsfactory.com\/pt\/wp-json\/wp\/v2\/pages\/14\/revisions\/156"}],"wp:attachment":[{"href":"https:\/\/yongqingbeadsfactory.com\/pt\/wp-json\/wp\/v2\/media?parent=14"}],"curies":[{"name":"wp","href":"https:\/\/api.w.org\/{rel}","templated":true}]}}