{"id":24,"date":"2025-08-15T15:18:19","date_gmt":"2025-08-15T07:18:19","guid":{"rendered":"https:\/\/yongqingbeadsfactory.com\/?page_id=24"},"modified":"2025-08-29T08:47:45","modified_gmt":"2025-08-29T00:47:45","slug":"contact","status":"publish","type":"page","link":"https:\/\/yongqingbeadsfactory.com\/pt\/contact\/","title":{"rendered":"Contacto"},"content":{"rendered":"<p>Se estiver interessado nos nossos produtos, pode contactar-nos atrav\u00e9s das informa\u00e7\u00f5es de contacto abaixo, e o nosso pessoal entrar\u00e1 em contacto consigo o mais rapidamente poss\u00edvel. Agradecemos o vosso apoio \u00e0 nossa empresa e desejamos-vos uma vida feliz!<\/p>\n\n\n\n<p>Telefone\uff1a +8615030688102<br>WhatsApp\uff1a +8615030688102<br>Endere\u00e7o\uff1a Aldeia de Banjiehe, cidade de Bieguzhuang, condado de Yongqing<\/p>","protected":false},"excerpt":{"rendered":"<p>If you are interested in our products, you can contact us through the contact information below, and our staff will contact you as soon as possible. Thank you for your support to our company, and we wish you a happy life!! Phone\uff1a +8615030688102WhatsApp\uff1a +8615030688102Address\uff1a Banjiehe Village, Bieguzhuang Town, Yongqing County<\/p>","protected":false},"author":1,"featured_media":0,"parent":0,"menu_order":0,"comment_status":"closed","ping_status":"closed","template":"contant-template.php","meta":{"footnotes":""},"class_list":["post-24","page","type-page","status-publish","hentry"],"acf":[],"_links":{"self":[{"href":"https:\/\/yongqingbeadsfactory.com\/pt\/wp-json\/wp\/v2\/pages\/24","targetHints":{"allow":["GET"]}}],"collection":[{"href":"https:\/\/yongqingbeadsfactory.com\/pt\/wp-json\/wp\/v2\/pages"}],"about":[{"href":"https:\/\/yongqingbeadsfactory.com\/pt\/wp-json\/wp\/v2\/types\/page"}],"author":[{"embeddable":true,"href":"https:\/\/yongqingbeadsfactory.com\/pt\/wp-json\/wp\/v2\/users\/1"}],"replies":[{"embeddable":true,"href":"https:\/\/yongqingbeadsfactory.com\/pt\/wp-json\/wp\/v2\/comments?post=24"}],"version-history":[{"count":4,"href":"https:\/\/yongqingbeadsfactory.com\/pt\/wp-json\/wp\/v2\/pages\/24\/revisions"}],"predecessor-version":[{"id":167,"href":"https:\/\/yongqingbeadsfactory.com\/pt\/wp-json\/wp\/v2\/pages\/24\/revisions\/167"}],"wp:attachment":[{"href":"https:\/\/yongqingbeadsfactory.com\/pt\/wp-json\/wp\/v2\/media?parent=24"}],"curies":[{"name":"wp","href":"https:\/\/api.w.org\/{rel}","templated":true}]}}